{"id":37,"date":"2023-06-26T16:35:33","date_gmt":"2023-06-26T19:35:33","guid":{"rendered":"https:\/\/espaciorevuelo.cl\/web\/?page_id=37"},"modified":"2023-06-29T22:22:01","modified_gmt":"2023-06-30T01:22:01","slug":"contacto","status":"publish","type":"page","link":"https:\/\/espaciorevuelo.cl\/web\/contacto\/","title":{"rendered":"Contacto"},"content":{"rendered":"\t\t<div data-elementor-type=\"wp-page\" data-elementor-id=\"37\" class=\"elementor elementor-37\">\n\t\t\t\t\t\t\t\t\t<section class=\"elementor-section elementor-top-section elementor-element elementor-element-f639f1a elementor-section-full_width elementor-section-height-min-height elementor-section-stretched elementor-section-height-default elementor-section-items-middle\" data-id=\"f639f1a\" data-element_type=\"section\" data-settings=\"{&quot;stretch_section&quot;:&quot;section-stretched&quot;}\">\n\t\t\t\t\t\t<div class=\"elementor-container elementor-column-gap-no\">\n\t\t\t\t\t<div class=\"elementor-column elementor-col-100 elementor-top-column elementor-element elementor-element-c91f88e\" data-id=\"c91f88e\" data-element_type=\"column\">\n\t\t\t<div class=\"elementor-widget-wrap elementor-element-populated\">\n\t\t\t\t\t\t\t\t<div class=\"elementor-element elementor-element-05d746e elementor-widget elementor-widget-google_maps\" data-id=\"05d746e\" data-element_type=\"widget\" data-widget_type=\"google_maps.default\">\n\t\t\t\t<div class=\"elementor-widget-container\">\n\t\t\t<style>\/*! elementor - v3.15.0 - 02-08-2023 *\/\n.elementor-widget-google_maps .elementor-widget-container{overflow:hidden}.elementor-widget-google_maps .elementor-custom-embed{line-height:0}.elementor-widget-google_maps iframe{height:300px}<\/style>\t\t<div class=\"elementor-custom-embed\">\n\t\t\t<iframe loading=\"lazy\"\n\t\t\t\t\tsrc=\"https:\/\/maps.google.com\/maps?q=Santo%20Domingo%2C%20Valpara%C3%ADso%2C%20Chile&#038;t=m&#038;z=13&#038;output=embed&#038;iwloc=near\"\n\t\t\t\t\ttitle=\"Santo Domingo, Valpara\u00edso, Chile\"\n\t\t\t\t\taria-label=\"Santo Domingo, Valpara\u00edso, Chile\"\n\t\t\t><\/iframe>\n\t\t<\/div>\n\t\t\t\t<\/div>\n\t\t\t\t<\/div>\n\t\t\t\t\t<\/div>\n\t\t<\/div>\n\t\t\t\t\t\t\t<\/div>\n\t\t<\/section>\n\t\t\t\t<section class=\"elementor-section elementor-top-section elementor-element elementor-element-2bb4008 elementor-section-boxed elementor-section-height-default elementor-section-height-default\" data-id=\"2bb4008\" data-element_type=\"section\">\n\t\t\t\t\t\t<div class=\"elementor-container elementor-column-gap-default\">\n\t\t\t\t\t<div class=\"elementor-column elementor-col-100 elementor-top-column elementor-element elementor-element-57cd98d\" data-id=\"57cd98d\" data-element_type=\"column\">\n\t\t\t<div class=\"elementor-widget-wrap elementor-element-populated\">\n\t\t\t\t\t\t\t\t<section class=\"elementor-section elementor-inner-section elementor-element elementor-element-015829d elementor-reverse-mobile elementor-section-boxed elementor-section-height-default elementor-section-height-default\" data-id=\"015829d\" data-element_type=\"section\">\n\t\t\t\t\t\t<div class=\"elementor-container elementor-column-gap-default\">\n\t\t\t\t\t<div class=\"elementor-column elementor-col-50 elementor-inner-column elementor-element elementor-element-103c6f5\" data-id=\"103c6f5\" data-element_type=\"column\">\n\t\t\t<div class=\"elementor-widget-wrap elementor-element-populated\">\n\t\t\t\t\t\t\t\t<div class=\"elementor-element elementor-element-454d82c elementor-widget elementor-widget-heading\" data-id=\"454d82c\" data-element_type=\"widget\" data-widget_type=\"heading.default\">\n\t\t\t\t<div class=\"elementor-widget-container\">\n\t\t\t<style>\/*! elementor - v3.15.0 - 02-08-2023 *\/\n.elementor-heading-title{padding:0;margin:0;line-height:1}.elementor-widget-heading .elementor-heading-title[class*=elementor-size-]>a{color:inherit;font-size:inherit;line-height:inherit}.elementor-widget-heading .elementor-heading-title.elementor-size-small{font-size:15px}.elementor-widget-heading .elementor-heading-title.elementor-size-medium{font-size:19px}.elementor-widget-heading .elementor-heading-title.elementor-size-large{font-size:29px}.elementor-widget-heading .elementor-heading-title.elementor-size-xl{font-size:39px}.elementor-widget-heading .elementor-heading-title.elementor-size-xxl{font-size:59px}<\/style><h2 class=\"elementor-heading-title elementor-size-default\">Escr\u00edbenos<\/h2>\t\t<\/div>\n\t\t\t\t<\/div>\n\t\t\t\t<div class=\"elementor-element elementor-element-aaee8fe elementor-widget elementor-widget-premium-contact-form\" data-id=\"aaee8fe\" data-element_type=\"widget\" data-widget_type=\"premium-contact-form.default\">\n\t\t\t\t<div class=\"elementor-widget-container\">\n\t\t\t\r\n\t\t\t<div class=\"premium-cf7-container\">\r\n\t\t\t\t\n<div class=\"wpcf7 no-js\" id=\"wpcf7-f189-o1\" lang=\"es-CL\" dir=\"ltr\">\n<div class=\"screen-reader-response\"><p role=\"status\" aria-live=\"polite\" aria-atomic=\"true\"><\/p> <ul><\/ul><\/div>\n<form action=\"\/web\/wp-json\/wp\/v2\/pages\/37#wpcf7-f189-o1\" method=\"post\" class=\"wpcf7-form init\" aria-label=\"Contact form\" novalidate=\"novalidate\" data-status=\"init\">\n<div style=\"display: none;\">\n<input type=\"hidden\" name=\"_wpcf7\" value=\"189\" \/>\n<input type=\"hidden\" name=\"_wpcf7_version\" value=\"5.8\" \/>\n<input type=\"hidden\" name=\"_wpcf7_locale\" value=\"es_CL\" \/>\n<input type=\"hidden\" name=\"_wpcf7_unit_tag\" value=\"wpcf7-f189-o1\" \/>\n<input type=\"hidden\" name=\"_wpcf7_container_post\" value=\"0\" \/>\n<input type=\"hidden\" name=\"_wpcf7_posted_data_hash\" value=\"\" \/>\n<\/div>\n<p><label> Nombre<br \/>\n<span class=\"wpcf7-form-control-wrap\" data-name=\"your-name\"><input size=\"40\" class=\"wpcf7-form-control wpcf7-text wpcf7-validates-as-required\" autocomplete=\"name\" aria-required=\"true\" aria-invalid=\"false\" value=\"\" type=\"text\" name=\"your-name\" \/><\/span> <\/label>\n<\/p>\n<p><label> E-mail<br \/>\n<span class=\"wpcf7-form-control-wrap\" data-name=\"your-email\"><input size=\"40\" class=\"wpcf7-form-control wpcf7-email wpcf7-validates-as-required wpcf7-text wpcf7-validates-as-email\" autocomplete=\"email\" aria-required=\"true\" aria-invalid=\"false\" value=\"\" type=\"email\" name=\"your-email\" \/><\/span> <\/label>\n<\/p>\n<p><label> Asunto<br \/>\n<span class=\"wpcf7-form-control-wrap\" data-name=\"your-subject\"><input size=\"40\" class=\"wpcf7-form-control wpcf7-text wpcf7-validates-as-required\" aria-required=\"true\" aria-invalid=\"false\" value=\"\" type=\"text\" name=\"your-subject\" \/><\/span> <\/label>\n<\/p>\n<p><label> Tu mensaje (optional)<br \/>\n<span class=\"wpcf7-form-control-wrap\" data-name=\"your-message\"><textarea cols=\"40\" rows=\"10\" class=\"wpcf7-form-control wpcf7-textarea\" aria-invalid=\"false\" name=\"your-message\"><\/textarea><\/span> <\/label>\n<\/p>\n<p><input class=\"wpcf7-form-control wpcf7-submit has-spinner\" type=\"submit\" value=\"Enviar\" \/>\n<\/p><div class=\"wpcf7-response-output\" aria-hidden=\"true\"><\/div>\n<\/form>\n<\/div>\n\t\t\t<\/div>\r\n\r\n\t\t\t\t\t<\/div>\n\t\t\t\t<\/div>\n\t\t\t\t\t<\/div>\n\t\t<\/div>\n\t\t\t\t<div class=\"elementor-column elementor-col-50 elementor-inner-column elementor-element elementor-element-493bd9d\" data-id=\"493bd9d\" data-element_type=\"column\">\n\t\t\t<div class=\"elementor-widget-wrap elementor-element-populated\">\n\t\t\t\t\t\t\t\t<div class=\"elementor-element elementor-element-fdf1479 elementor-widget elementor-widget-image\" data-id=\"fdf1479\" data-element_type=\"widget\" data-widget_type=\"image.default\">\n\t\t\t\t<div class=\"elementor-widget-container\">\n\t\t\t<style>\/*! elementor - v3.15.0 - 02-08-2023 *\/\n.elementor-widget-image{text-align:center}.elementor-widget-image a{display:inline-block}.elementor-widget-image a img[src$=\".svg\"]{width:48px}.elementor-widget-image img{vertical-align:middle;display:inline-block}<\/style>\t\t\t\t\t\t\t\t\t\t\t\t<img loading=\"lazy\" decoding=\"async\" width=\"768\" height=\"319\" src=\"https:\/\/espaciorevuelo.cl\/web\/wp-content\/uploads\/2023\/06\/logo-cabecera3-768x319.webp\" class=\"attachment-medium_large size-medium_large wp-image-71\" alt=\"\" srcset=\"https:\/\/espaciorevuelo.cl\/web\/wp-content\/uploads\/2023\/06\/logo-cabecera3-768x319.webp 768w, https:\/\/espaciorevuelo.cl\/web\/wp-content\/uploads\/2023\/06\/logo-cabecera3-300x125.webp 300w, https:\/\/espaciorevuelo.cl\/web\/wp-content\/uploads\/2023\/06\/logo-cabecera3-1024x426.webp 1024w, https:\/\/espaciorevuelo.cl\/web\/wp-content\/uploads\/2023\/06\/logo-cabecera3.webp 1080w\" sizes=\"auto, (max-width: 768px) 100vw, 768px\" \/>\t\t\t\t\t\t\t\t\t\t\t\t\t\t\t<\/div>\n\t\t\t\t<\/div>\n\t\t\t\t<div class=\"elementor-element elementor-element-2a931fd premium-header-inline elementor-widget elementor-widget-premium-addon-dual-header\" data-id=\"2a931fd\" data-element_type=\"widget\" data-widget_type=\"premium-addon-dual-header.default\">\n\t\t\t\t<div class=\"elementor-widget-container\">\n\t\t\t\r\n\t\t\t\t\t<h1 class=\"premium-dual-header-first-header \"><span class=\"premium-dual-header-first-span\">Un espacio para <\/span><span class=\"premium-dual-header-second-header \">tu bienestar<\/span><\/h1> \t\t\r\n\t\t\t\t<\/div>\n\t\t\t\t<\/div>\n\t\t\t\t<div class=\"elementor-element elementor-element-572f48c elementor-widget elementor-widget-heading\" data-id=\"572f48c\" data-element_type=\"widget\" data-widget_type=\"heading.default\">\n\t\t\t\t<div class=\"elementor-widget-container\">\n\t\t\t<h5 class=\"elementor-heading-title elementor-size-default\">Nuestro compromiso es contribuir al desarrollo de un mayor nivel de conciencia en las personas, grupos y equipos,\na trav\u00e9s de diversas instancias de encuentro humano, acompa\u00f1ando en sus procesos de transformaci\u00f3n cultural\ny cambio hacia el logro de un mayor bienestar y una vida m\u00e1s plena. Considerando en este proceso una visi\u00f3n\nintegral y sist\u00e9mica, que incluye el cuerpo, la mente, las emociones y la espiritualidad, en vinculaci\u00f3n con la\nnaturaleza y el arte.<\/h5>\t\t<\/div>\n\t\t\t\t<\/div>\n\t\t\t\t<div class=\"elementor-element elementor-element-cfa06cc elementor-align-center elementor-icon-list--layout-traditional elementor-list-item-link-full_width elementor-widget elementor-widget-icon-list\" data-id=\"cfa06cc\" data-element_type=\"widget\" data-widget_type=\"icon-list.default\">\n\t\t\t\t<div class=\"elementor-widget-container\">\n\t\t\t<link rel=\"stylesheet\" href=\"https:\/\/espaciorevuelo.cl\/web\/wp-content\/plugins\/elementor\/assets\/css\/widget-icon-list.min.css\">\t\t<ul class=\"elementor-icon-list-items\">\n\t\t\t\t\t\t\t<li class=\"elementor-icon-list-item\">\n\t\t\t\t\t\t\t\t\t\t\t<a href=\"https:\/\/www.instagram.com\/espaciorevuelo\/\" target=\"_blank\" rel=\"nofollow\">\n\n\t\t\t\t\t\t\t\t\t\t\t\t<span class=\"elementor-icon-list-icon\">\n\t\t\t\t\t\t\t<i aria-hidden=\"true\" class=\"fab fa-instagram\"><\/i>\t\t\t\t\t\t<\/span>\n\t\t\t\t\t\t\t\t\t\t<span class=\"elementor-icon-list-text\">Instagram<\/span>\n\t\t\t\t\t\t\t\t\t\t\t<\/a>\n\t\t\t\t\t\t\t\t\t<\/li>\n\t\t\t\t\t\t\t\t<li class=\"elementor-icon-list-item\">\n\t\t\t\t\t\t\t\t\t\t\t<a href=\"https:\/\/web.facebook.com\/espaciorevuelo\" target=\"_blank\" rel=\"nofollow\">\n\n\t\t\t\t\t\t\t\t\t\t\t\t<span class=\"elementor-icon-list-icon\">\n\t\t\t\t\t\t\t<i aria-hidden=\"true\" class=\"fab fa-facebook\"><\/i>\t\t\t\t\t\t<\/span>\n\t\t\t\t\t\t\t\t\t\t<span class=\"elementor-icon-list-text\">Facebook<\/span>\n\t\t\t\t\t\t\t\t\t\t\t<\/a>\n\t\t\t\t\t\t\t\t\t<\/li>\n\t\t\t\t\t\t\t\t<li class=\"elementor-icon-list-item\">\n\t\t\t\t\t\t\t\t\t\t\t<a href=\"https:\/\/wa.me\/56979971742\">\n\n\t\t\t\t\t\t\t\t\t\t\t\t<span class=\"elementor-icon-list-icon\">\n\t\t\t\t\t\t\t<i aria-hidden=\"true\" class=\"fab fa-whatsapp\"><\/i>\t\t\t\t\t\t<\/span>\n\t\t\t\t\t\t\t\t\t\t<span class=\"elementor-icon-list-text\">+56979971742<\/span>\n\t\t\t\t\t\t\t\t\t\t\t<\/a>\n\t\t\t\t\t\t\t\t\t<\/li>\n\t\t\t\t\t\t\t\t<li class=\"elementor-icon-list-item\">\n\t\t\t\t\t\t\t\t\t\t\t<a href=\"mailto:espaciorevuelo@gmail.com\">\n\n\t\t\t\t\t\t\t\t\t\t\t\t<span class=\"elementor-icon-list-icon\">\n\t\t\t\t\t\t\t<i aria-hidden=\"true\" class=\"far fa-envelope\"><\/i>\t\t\t\t\t\t<\/span>\n\t\t\t\t\t\t\t\t\t\t<span class=\"elementor-icon-list-text\">espaciorevuelo@gmail.com<\/span>\n\t\t\t\t\t\t\t\t\t\t\t<\/a>\n\t\t\t\t\t\t\t\t\t<\/li>\n\t\t\t\t\t\t<\/ul>\n\t\t\t\t<\/div>\n\t\t\t\t<\/div>\n\t\t\t\t\t<\/div>\n\t\t<\/div>\n\t\t\t\t\t\t\t<\/div>\n\t\t<\/section>\n\t\t\t\t\t<\/div>\n\t\t<\/div>\n\t\t\t\t\t\t\t<\/div>\n\t\t<\/section>\n\t\t\t\t\t\t\t<\/div>\n\t\t","protected":false},"excerpt":{"rendered":"<p>Escr\u00edbenos Nombre E-mail Asunto Tu mensaje (optional) Un espacio para tu bienestar Nuestro compromiso es contribuir al desarrollo de un mayor nivel de conciencia en las personas, grupos y equipos, a trav\u00e9s de diversas instancias de encuentro humano, acompa\u00f1ando en sus procesos de transformaci\u00f3n cultural y cambio hacia el logro de un mayor bienestar y &#8230; <a title=\"Contacto\" class=\"read-more\" href=\"https:\/\/espaciorevuelo.cl\/web\/contacto\/\" aria-label=\"More on Contacto\">Read more<\/a><\/p>\n","protected":false},"author":1,"featured_media":0,"parent":0,"menu_order":0,"comment_status":"closed","ping_status":"closed","template":"elementor_header_footer","meta":{"ngg_post_thumbnail":0,"footnotes":""},"class_list":["post-37","page","type-page","status-publish"],"yoast_head":"<!-- This site is optimized with the Yoast SEO plugin v20.13 - https:\/\/yoast.com\/wordpress\/plugins\/seo\/ -->\n<title>Contacto - Espacio Revuelo<\/title>\n<meta name=\"robots\" content=\"index, follow, max-snippet:-1, max-image-preview:large, max-video-preview:-1\" \/>\n<link rel=\"canonical\" href=\"https:\/\/espaciorevuelo.cl\/web\/contacto\/\" \/>\n<meta property=\"og:locale\" content=\"es_ES\" \/>\n<meta property=\"og:type\" content=\"article\" \/>\n<meta property=\"og:title\" content=\"Contacto - Espacio Revuelo\" \/>\n<meta property=\"og:description\" content=\"Escr\u00edbenos Nombre E-mail Asunto Tu mensaje (optional) Un espacio para tu bienestar Nuestro compromiso es contribuir al desarrollo de un mayor nivel de conciencia en las personas, grupos y equipos, a trav\u00e9s de diversas instancias de encuentro humano, acompa\u00f1ando en sus procesos de transformaci\u00f3n cultural y cambio hacia el logro de un mayor bienestar y ... Read more\" \/>\n<meta property=\"og:url\" content=\"https:\/\/espaciorevuelo.cl\/web\/contacto\/\" \/>\n<meta property=\"og:site_name\" content=\"Espacio Revuelo\" \/>\n<meta property=\"article:publisher\" content=\"https:\/\/web.facebook.com\/espaciorevuelo\" \/>\n<meta property=\"article:modified_time\" content=\"2023-06-30T01:22:01+00:00\" \/>\n<meta property=\"og:image\" content=\"https:\/\/espaciorevuelo.cl\/web\/wp-content\/uploads\/2023\/06\/logo-cabecera3-768x319.webp\" \/>\n<meta name=\"twitter:card\" content=\"summary_large_image\" \/>\n<meta name=\"twitter:label1\" content=\"Est. reading time\" \/>\n\t<meta name=\"twitter:data1\" content=\"1 minuto\" \/>\n<script type=\"application\/ld+json\" class=\"yoast-schema-graph\">{\"@context\":\"https:\/\/schema.org\",\"@graph\":[{\"@type\":\"WebPage\",\"@id\":\"https:\/\/espaciorevuelo.cl\/web\/contacto\/\",\"url\":\"https:\/\/espaciorevuelo.cl\/web\/contacto\/\",\"name\":\"Contacto - Espacio Revuelo\",\"isPartOf\":{\"@id\":\"https:\/\/espaciorevuelo.cl\/web\/#website\"},\"datePublished\":\"2023-06-26T19:35:33+00:00\",\"dateModified\":\"2023-06-30T01:22:01+00:00\",\"breadcrumb\":{\"@id\":\"https:\/\/espaciorevuelo.cl\/web\/contacto\/#breadcrumb\"},\"inLanguage\":\"es-CL\",\"potentialAction\":[{\"@type\":\"ReadAction\",\"target\":[\"https:\/\/espaciorevuelo.cl\/web\/contacto\/\"]}]},{\"@type\":\"BreadcrumbList\",\"@id\":\"https:\/\/espaciorevuelo.cl\/web\/contacto\/#breadcrumb\",\"itemListElement\":[{\"@type\":\"ListItem\",\"position\":1,\"name\":\"Portada\",\"item\":\"https:\/\/espaciorevuelo.cl\/web\/\"},{\"@type\":\"ListItem\",\"position\":2,\"name\":\"Contacto\"}]},{\"@type\":\"WebSite\",\"@id\":\"https:\/\/espaciorevuelo.cl\/web\/#website\",\"url\":\"https:\/\/espaciorevuelo.cl\/web\/\",\"name\":\"Espacio Revuelo\",\"description\":\"\",\"publisher\":{\"@id\":\"https:\/\/espaciorevuelo.cl\/web\/#organization\"},\"potentialAction\":[{\"@type\":\"SearchAction\",\"target\":{\"@type\":\"EntryPoint\",\"urlTemplate\":\"https:\/\/espaciorevuelo.cl\/web\/?s={search_term_string}\"},\"query-input\":\"required name=search_term_string\"}],\"inLanguage\":\"es-CL\"},{\"@type\":\"Organization\",\"@id\":\"https:\/\/espaciorevuelo.cl\/web\/#organization\",\"name\":\"Espacio Revuelo\",\"url\":\"https:\/\/espaciorevuelo.cl\/web\/\",\"logo\":{\"@type\":\"ImageObject\",\"inLanguage\":\"es-CL\",\"@id\":\"https:\/\/espaciorevuelo.cl\/web\/#\/schema\/logo\/image\/\",\"url\":\"https:\/\/espaciorevuelo.cl\/web\/wp-content\/uploads\/2023\/06\/logo-cabecera3.webp\",\"contentUrl\":\"https:\/\/espaciorevuelo.cl\/web\/wp-content\/uploads\/2023\/06\/logo-cabecera3.webp\",\"width\":1080,\"height\":449,\"caption\":\"Espacio Revuelo\"},\"image\":{\"@id\":\"https:\/\/espaciorevuelo.cl\/web\/#\/schema\/logo\/image\/\"},\"sameAs\":[\"https:\/\/web.facebook.com\/espaciorevuelo\",\"https:\/\/www.instagram.com\/espaciorevuelo\/\",\"https:\/\/wa.me\/56979971742\"]}]}<\/script>\n<!-- \/ Yoast SEO plugin. -->","yoast_head_json":{"title":"Contacto - Espacio Revuelo","robots":{"index":"index","follow":"follow","max-snippet":"max-snippet:-1","max-image-preview":"max-image-preview:large","max-video-preview":"max-video-preview:-1"},"canonical":"https:\/\/espaciorevuelo.cl\/web\/contacto\/","og_locale":"es_ES","og_type":"article","og_title":"Contacto - Espacio Revuelo","og_description":"Escr\u00edbenos Nombre E-mail Asunto Tu mensaje (optional) Un espacio para tu bienestar Nuestro compromiso es contribuir al desarrollo de un mayor nivel de conciencia en las personas, grupos y equipos, a trav\u00e9s de diversas instancias de encuentro humano, acompa\u00f1ando en sus procesos de transformaci\u00f3n cultural y cambio hacia el logro de un mayor bienestar y ... Read more","og_url":"https:\/\/espaciorevuelo.cl\/web\/contacto\/","og_site_name":"Espacio Revuelo","article_publisher":"https:\/\/web.facebook.com\/espaciorevuelo","article_modified_time":"2023-06-30T01:22:01+00:00","og_image":[{"url":"https:\/\/espaciorevuelo.cl\/web\/wp-content\/uploads\/2023\/06\/logo-cabecera3-768x319.webp"}],"twitter_card":"summary_large_image","twitter_misc":{"Est. reading time":"1 minuto"},"schema":{"@context":"https:\/\/schema.org","@graph":[{"@type":"WebPage","@id":"https:\/\/espaciorevuelo.cl\/web\/contacto\/","url":"https:\/\/espaciorevuelo.cl\/web\/contacto\/","name":"Contacto - Espacio Revuelo","isPartOf":{"@id":"https:\/\/espaciorevuelo.cl\/web\/#website"},"datePublished":"2023-06-26T19:35:33+00:00","dateModified":"2023-06-30T01:22:01+00:00","breadcrumb":{"@id":"https:\/\/espaciorevuelo.cl\/web\/contacto\/#breadcrumb"},"inLanguage":"es-CL","potentialAction":[{"@type":"ReadAction","target":["https:\/\/espaciorevuelo.cl\/web\/contacto\/"]}]},{"@type":"BreadcrumbList","@id":"https:\/\/espaciorevuelo.cl\/web\/contacto\/#breadcrumb","itemListElement":[{"@type":"ListItem","position":1,"name":"Portada","item":"https:\/\/espaciorevuelo.cl\/web\/"},{"@type":"ListItem","position":2,"name":"Contacto"}]},{"@type":"WebSite","@id":"https:\/\/espaciorevuelo.cl\/web\/#website","url":"https:\/\/espaciorevuelo.cl\/web\/","name":"Espacio Revuelo","description":"","publisher":{"@id":"https:\/\/espaciorevuelo.cl\/web\/#organization"},"potentialAction":[{"@type":"SearchAction","target":{"@type":"EntryPoint","urlTemplate":"https:\/\/espaciorevuelo.cl\/web\/?s={search_term_string}"},"query-input":"required name=search_term_string"}],"inLanguage":"es-CL"},{"@type":"Organization","@id":"https:\/\/espaciorevuelo.cl\/web\/#organization","name":"Espacio Revuelo","url":"https:\/\/espaciorevuelo.cl\/web\/","logo":{"@type":"ImageObject","inLanguage":"es-CL","@id":"https:\/\/espaciorevuelo.cl\/web\/#\/schema\/logo\/image\/","url":"https:\/\/espaciorevuelo.cl\/web\/wp-content\/uploads\/2023\/06\/logo-cabecera3.webp","contentUrl":"https:\/\/espaciorevuelo.cl\/web\/wp-content\/uploads\/2023\/06\/logo-cabecera3.webp","width":1080,"height":449,"caption":"Espacio Revuelo"},"image":{"@id":"https:\/\/espaciorevuelo.cl\/web\/#\/schema\/logo\/image\/"},"sameAs":["https:\/\/web.facebook.com\/espaciorevuelo","https:\/\/www.instagram.com\/espaciorevuelo\/","https:\/\/wa.me\/56979971742"]}]}},"_links":{"self":[{"href":"https:\/\/espaciorevuelo.cl\/web\/wp-json\/wp\/v2\/pages\/37","targetHints":{"allow":["GET"]}}],"collection":[{"href":"https:\/\/espaciorevuelo.cl\/web\/wp-json\/wp\/v2\/pages"}],"about":[{"href":"https:\/\/espaciorevuelo.cl\/web\/wp-json\/wp\/v2\/types\/page"}],"author":[{"embeddable":true,"href":"https:\/\/espaciorevuelo.cl\/web\/wp-json\/wp\/v2\/users\/1"}],"replies":[{"embeddable":true,"href":"https:\/\/espaciorevuelo.cl\/web\/wp-json\/wp\/v2\/comments?post=37"}],"version-history":[{"count":16,"href":"https:\/\/espaciorevuelo.cl\/web\/wp-json\/wp\/v2\/pages\/37\/revisions"}],"predecessor-version":[{"id":205,"href":"https:\/\/espaciorevuelo.cl\/web\/wp-json\/wp\/v2\/pages\/37\/revisions\/205"}],"wp:attachment":[{"href":"https:\/\/espaciorevuelo.cl\/web\/wp-json\/wp\/v2\/media?parent=37"}],"curies":[{"name":"wp","href":"https:\/\/api.w.org\/{rel}","templated":true}]}}