{"id":22,"date":"2023-06-26T16:32:30","date_gmt":"2023-06-26T19:32:30","guid":{"rendered":"https:\/\/espaciorevuelo.cl\/web\/?page_id=22"},"modified":"2023-07-05T16:54:06","modified_gmt":"2023-07-05T19:54:06","slug":"quienes-somos","status":"publish","type":"page","link":"https:\/\/espaciorevuelo.cl\/web\/quienes-somos\/","title":{"rendered":"Quienes Somos"},"content":{"rendered":"\t\t<div data-elementor-type=\"wp-page\" data-elementor-id=\"22\" class=\"elementor elementor-22\">\n\t\t\t\t\t\t\t\t\t<section class=\"elementor-section elementor-top-section elementor-element elementor-element-e5aeafa elementor-section-height-min-height elementor-section-stretched elementor-section-boxed elementor-section-height-default elementor-section-items-middle\" data-id=\"e5aeafa\" data-element_type=\"section\" data-settings=\"{&quot;stretch_section&quot;:&quot;section-stretched&quot;,&quot;background_background&quot;:&quot;video&quot;,&quot;background_video_link&quot;:&quot;https:\\\/\\\/youtu.be\\\/fsRoViGbGmk&quot;,&quot;background_play_on_mobile&quot;:&quot;yes&quot;}\">\n\t\t\t\t\t\t\t\t<div class=\"elementor-background-video-container\">\n\t\t\t\t\t\t\t\t\t\t\t\t\t<div class=\"elementor-background-video-embed\"><\/div>\n\t\t\t\t\t\t\t\t\t\t\t\t<\/div>\n\t\t\t\t\t\t\t\t<div class=\"elementor-container elementor-column-gap-default\">\n\t\t\t\t\t<div class=\"elementor-column elementor-col-100 elementor-top-column elementor-element elementor-element-c2eb0ca\" data-id=\"c2eb0ca\" data-element_type=\"column\">\n\t\t\t<div class=\"elementor-widget-wrap elementor-element-populated\">\n\t\t\t\t\t\t\t\t<div class=\"elementor-element elementor-element-cbf0d43 elementor-widget elementor-widget-heading\" data-id=\"cbf0d43\" data-element_type=\"widget\" data-widget_type=\"heading.default\">\n\t\t\t\t<div class=\"elementor-widget-container\">\n\t\t\t<style>\/*! elementor - v3.15.0 - 02-08-2023 *\/\n.elementor-heading-title{padding:0;margin:0;line-height:1}.elementor-widget-heading .elementor-heading-title[class*=elementor-size-]>a{color:inherit;font-size:inherit;line-height:inherit}.elementor-widget-heading .elementor-heading-title.elementor-size-small{font-size:15px}.elementor-widget-heading .elementor-heading-title.elementor-size-medium{font-size:19px}.elementor-widget-heading .elementor-heading-title.elementor-size-large{font-size:29px}.elementor-widget-heading .elementor-heading-title.elementor-size-xl{font-size:39px}.elementor-widget-heading .elementor-heading-title.elementor-size-xxl{font-size:59px}<\/style><h1 class=\"elementor-heading-title elementor-size-default\">Quienes Somos<\/h1>\t\t<\/div>\n\t\t\t\t<\/div>\n\t\t\t\t\t<\/div>\n\t\t<\/div>\n\t\t\t\t\t\t\t<\/div>\n\t\t<\/section>\n\t\t\t\t<section class=\"elementor-section elementor-top-section elementor-element elementor-element-e8acc0b elementor-section-boxed elementor-section-height-default elementor-section-height-default\" data-id=\"e8acc0b\" data-element_type=\"section\">\n\t\t\t\t\t\t<div class=\"elementor-container elementor-column-gap-default\">\n\t\t\t\t\t<div class=\"elementor-column elementor-col-100 elementor-top-column elementor-element elementor-element-f84e4a6\" data-id=\"f84e4a6\" data-element_type=\"column\">\n\t\t\t<div class=\"elementor-widget-wrap elementor-element-populated\">\n\t\t\t\t\t\t\t\t<div class=\"elementor-element elementor-element-c829ac8 elementor-widget elementor-widget-text-editor\" data-id=\"c829ac8\" data-element_type=\"widget\" data-widget_type=\"text-editor.default\">\n\t\t\t\t<div class=\"elementor-widget-container\">\n\t\t\t<style>\/*! elementor - v3.15.0 - 02-08-2023 *\/\n.elementor-widget-text-editor.elementor-drop-cap-view-stacked .elementor-drop-cap{background-color:#69727d;color:#fff}.elementor-widget-text-editor.elementor-drop-cap-view-framed .elementor-drop-cap{color:#69727d;border:3px solid;background-color:transparent}.elementor-widget-text-editor:not(.elementor-drop-cap-view-default) .elementor-drop-cap{margin-top:8px}.elementor-widget-text-editor:not(.elementor-drop-cap-view-default) .elementor-drop-cap-letter{width:1em;height:1em}.elementor-widget-text-editor .elementor-drop-cap{float:left;text-align:center;line-height:1;font-size:50px}.elementor-widget-text-editor .elementor-drop-cap-letter{display:inline-block}<\/style>\t\t\t\t<h4 style=\"text-align: justify;\">MISI\u00d3N<\/h4><p style=\"text-align: justify;\">Nuestra misi\u00f3n es contribuir al desarrollo de un mayor nivel de conciencia en las personas, grupos y equipos, a trav\u00e9s de diversas instancias de encuentro humano, acompa\u00f1ando en sus procesos de transformaci\u00f3n cultural y cambio hacia el logro de un mayor bienestar y una vida m\u00e1s plena. Considerando en este proceso una visi\u00f3n integral y sist\u00e9mica, que incluye el cuerpo, la mente, las emociones y la espiritualidad, en vinculaci\u00f3n con la naturaleza y el arte.<\/p><h4 style=\"text-align: justify;\">VISI\u00d3N<\/h4><p style=\"text-align: justify;\">Buscamos consolidarnos y posicionarnos a nivel nacional e internacional por nuestra propuesta innovadora y de car\u00e1cter diferenciador en relaci\u00f3n a los procesos de cambio cultural de los sistemas e individuos y la vinculaci\u00f3n con el arte, la naturaleza y el desarrollo humano.<\/p>\t\t\t\t\t\t<\/div>\n\t\t\t\t<\/div>\n\t\t\t\t<section class=\"elementor-section elementor-inner-section elementor-element elementor-element-906ba9b elementor-section-boxed elementor-section-height-default elementor-section-height-default\" data-id=\"906ba9b\" data-element_type=\"section\">\n\t\t\t\t\t\t<div class=\"elementor-container elementor-column-gap-default\">\n\t\t\t\t\t<div class=\"elementor-column elementor-col-50 elementor-inner-column elementor-element elementor-element-df9d7c7\" data-id=\"df9d7c7\" data-element_type=\"column\">\n\t\t\t<div class=\"elementor-widget-wrap elementor-element-populated\">\n\t\t\t\t\t\t\t\t<div class=\"elementor-element elementor-element-6cb958a elementor-position-top elementor-widget elementor-widget-image-box\" data-id=\"6cb958a\" data-element_type=\"widget\" data-widget_type=\"image-box.default\">\n\t\t\t\t<div class=\"elementor-widget-container\">\n\t\t\t<style>\/*! elementor - v3.15.0 - 02-08-2023 *\/\n.elementor-widget-image-box .elementor-image-box-content{width:100%}@media (min-width:768px){.elementor-widget-image-box.elementor-position-left .elementor-image-box-wrapper,.elementor-widget-image-box.elementor-position-right .elementor-image-box-wrapper{display:flex}.elementor-widget-image-box.elementor-position-right .elementor-image-box-wrapper{text-align:right;flex-direction:row-reverse}.elementor-widget-image-box.elementor-position-left .elementor-image-box-wrapper{text-align:left;flex-direction:row}.elementor-widget-image-box.elementor-position-top .elementor-image-box-img{margin:auto}.elementor-widget-image-box.elementor-vertical-align-top .elementor-image-box-wrapper{align-items:flex-start}.elementor-widget-image-box.elementor-vertical-align-middle .elementor-image-box-wrapper{align-items:center}.elementor-widget-image-box.elementor-vertical-align-bottom .elementor-image-box-wrapper{align-items:flex-end}}@media (max-width:767px){.elementor-widget-image-box .elementor-image-box-img{margin-left:auto!important;margin-right:auto!important;margin-bottom:15px}}.elementor-widget-image-box .elementor-image-box-img{display:inline-block}.elementor-widget-image-box .elementor-image-box-title a{color:inherit}.elementor-widget-image-box .elementor-image-box-wrapper{text-align:center}.elementor-widget-image-box .elementor-image-box-description{margin:0}<\/style><div class=\"elementor-image-box-wrapper\"><figure class=\"elementor-image-box-img\"><img loading=\"lazy\" decoding=\"async\" width=\"250\" height=\"300\" src=\"https:\/\/espaciorevuelo.cl\/web\/wp-content\/uploads\/2023\/06\/natacv-250x300.webp\" class=\"attachment-medium size-medium wp-image-63\" alt=\"\" srcset=\"https:\/\/espaciorevuelo.cl\/web\/wp-content\/uploads\/2023\/06\/natacv-250x300.webp 250w, https:\/\/espaciorevuelo.cl\/web\/wp-content\/uploads\/2023\/06\/natacv.webp 450w\" sizes=\"auto, (max-width: 250px) 100vw, 250px\" \/><\/figure><div class=\"elementor-image-box-content\"><h3 class=\"elementor-image-box-title\">NATALIA DIAZ MEDINA<\/h3><p class=\"elementor-image-box-description\">Psico\u0301loga, Coach Ontolo\u0301gico, Interventora Grupal, Inte\u0301rprete e Investigadora en Artes del Movimiento y Educacio\u0301n Soma\u0301tica. Co-Directora de REVUELO<\/p><\/div><\/div>\t\t<\/div>\n\t\t\t\t<\/div>\n\t\t\t\t<div class=\"elementor-element elementor-element-159364d elementor-widget elementor-widget-premium-addon-modal-box\" data-id=\"159364d\" data-element_type=\"widget\" data-settings=\"{&quot;premium_modal_box_animation&quot;:&quot;fadeInDown&quot;}\" data-widget_type=\"premium-addon-modal-box.default\">\n\t\t\t\t<div class=\"elementor-widget-container\">\n\t\t\t\r\n\t\t<div class=\"premium-modal-box-container\" data-settings=\"{&quot;trigger&quot;:&quot;button&quot;}\">\r\n\t\t\t<div class=\"premium-modal-trigger-container\">\r\n\t\t\t\t\t\t\t\t\t<button data-toggle=\"premium-modal\" data-target=\"#premium-modal-159364d\" type=\"button\" class=\"premium-modal-trigger-btn premium-btn-md\">\r\n\t\t\t\t\t\t\t\t\t\t\t\t<span>ver CV completo<\/span>\r\n\t\t\t\t\t\t\t\t\t\t\t<\/button>\r\n\t\t\t\t\t\t\t<\/div>\r\n\r\n\t\t\t<div id=\"premium-modal-159364d\" class=\"premium-modal-box-modal\" role=\"dialog\" style=\"display: none\">\r\n\t\t\t\t<div class=\"premium-modal-box-modal-dialog\" data-delay-animation=\"\" data-modal-animation=\"fadeInDown animated-fast\">\r\n\t\t\t\t\t\t\t\t\t\t\t<div class=\"premium-modal-box-modal-header\">\r\n\t\t\t\t\t\t\t\t\t\t\t\t\t\t\t<h3 class=\"premium-modal-box-modal-title\">\r\n\t\t\t\t\t\t\t\t\tNATALIA DIAZ MEDINA\u200b\t\t\t\t\t\t\t\t<\/h3>\r\n\t\t\t\t\t\t\t\t\t\t\t\t\t\t\t\t\t\t\t\t\t\t<div class=\"premium-modal-box-close-button-container\">\r\n\t\t\t\t\t\t\t\t\t<button type=\"button\" class=\"premium-modal-box-modal-close\" data-dismiss=\"premium-modal\">&times;<\/button>\r\n\t\t\t\t\t\t\t\t<\/div>\r\n\t\t\t\t\t\t\t\t\t\t\t\t\t<\/div>\r\n\t\t\t\t\t\t\t\t\t\t<div class=\"premium-modal-box-modal-body\">\r\n\t\t\t\t\t\t<p style=\"text-align: justify;\">Psico\u0301loga egresada de la Universidad de Concepcio\u0301n,con posteriores estudios en el a\u0301mbito cli\u0301nico en las a\u0301reas de la Terapia Siste\u0301mica (U. de Chile), y Enfoque Postracionalista (U. de Concepcio\u0301n). Coach Ontolo\u0301gico con competencias avanzadas, certificada por Newfield Network Chile. Certificada como Experta en Intervenciones grupales en University of Change de Barcelona. Se encuentra realizando estudios de especializacio\u0301n en Terapia Somatic Experiencing y Educacio\u0301n Soma\u0301tica, en escuela Body Mind Movement (EE.UU). Su intere\u0301s por los lenguajes corporales la ha llevado a especializarse en mu\u0301ltiples artes del movimiento, trabajando cerca de 20 an\u0303os en el cruce interdisciplinar.<\/p><p style=\"text-align: justify;\">Se ha desarrollado como inte\u0301rprete de teatro fi\u0301sico, danza contempora\u0301nea y practicante regular de Yoga, capacita\u0301ndose en escuelas y seminarios nacionales e Internacionales. Utilizando herramientas de estas disciplinas en su labor como psic\u00f3loga y coach tanto en el a\u0301mbito terape\u0301utico individual, como en la intervenci\u00f3n grupal y de equipos, donde ha desarrollado diversas capacitaciones y jornadas, ofreciendo un lugar pra\u0301ctico- experiencial a empresas e instituciones, centrada en la sensibilizacio\u0301n y encuentro humano.<\/p><p style=\"text-align: justify;\">Bajo estos intereses, funda y Co-dirige el proyecto multidisciplinar \u201cEspacio Revuelo\u201d (www.espaciorevuelo.cl).<\/p><p><a href=\"https:\/\/espaciorevuelo.cl\/web\/wp-content\/uploads\/2023\/06\/CV-Natalia-Diaz-Medina-Extendido-2023.pdf\" target=\"_blank\" rel=\"noopener\">DESCARGA CV-EXTENDIDO<\/a><\/p>\t\t\t\t\t<\/div>\r\n\t\t\t\t\t\t\t\t\t<\/div>\r\n\t\t\t<\/div>\r\n\t\t<\/div>\r\n\r\n\t\t\t\t<\/div>\n\t\t\t\t<\/div>\n\t\t\t\t\t<\/div>\n\t\t<\/div>\n\t\t\t\t<div class=\"elementor-column elementor-col-50 elementor-inner-column elementor-element elementor-element-f676df0\" data-id=\"f676df0\" data-element_type=\"column\">\n\t\t\t<div class=\"elementor-widget-wrap elementor-element-populated\">\n\t\t\t\t\t\t\t\t<div class=\"elementor-element elementor-element-83401c5 elementor-position-top elementor-widget elementor-widget-image-box\" data-id=\"83401c5\" data-element_type=\"widget\" data-widget_type=\"image-box.default\">\n\t\t\t\t<div class=\"elementor-widget-container\">\n\t\t\t<div class=\"elementor-image-box-wrapper\"><figure class=\"elementor-image-box-img\"><img loading=\"lazy\" decoding=\"async\" width=\"250\" height=\"300\" src=\"https:\/\/espaciorevuelo.cl\/web\/wp-content\/uploads\/2023\/06\/nanecv-250x300.webp\" class=\"attachment-medium size-medium wp-image-62\" alt=\"\" srcset=\"https:\/\/espaciorevuelo.cl\/web\/wp-content\/uploads\/2023\/06\/nanecv-250x300.webp 250w, https:\/\/espaciorevuelo.cl\/web\/wp-content\/uploads\/2023\/06\/nanecv.webp 450w\" sizes=\"auto, (max-width: 250px) 100vw, 250px\" \/><\/figure><div class=\"elementor-image-box-content\"><h3 class=\"elementor-image-box-title\">LUIS CORVALA\u0301N CORREA<\/h3><p class=\"elementor-image-box-description\">Licenciado en Ciencias Humanas, Ma\u0301ster en Artes, Master en Educaci\u00f3n Emocional y Neurociencias Aplicadas, inte\u0301rprete en danza, coreo\u0301grafo, actor e Investigador en Artes del Movimiento. Docente del departamento de danza de la Universidad de Chile . Co-Director de REVUELO<\/p><\/div><\/div>\t\t<\/div>\n\t\t\t\t<\/div>\n\t\t\t\t<div class=\"elementor-element elementor-element-b1f5dea elementor-widget elementor-widget-premium-addon-modal-box\" data-id=\"b1f5dea\" data-element_type=\"widget\" data-settings=\"{&quot;premium_modal_box_animation&quot;:&quot;fadeInDown&quot;}\" data-widget_type=\"premium-addon-modal-box.default\">\n\t\t\t\t<div class=\"elementor-widget-container\">\n\t\t\t\r\n\t\t<div class=\"premium-modal-box-container\" data-settings=\"{&quot;trigger&quot;:&quot;button&quot;}\">\r\n\t\t\t<div class=\"premium-modal-trigger-container\">\r\n\t\t\t\t\t\t\t\t\t<button data-toggle=\"premium-modal\" data-target=\"#premium-modal-b1f5dea\" type=\"button\" class=\"premium-modal-trigger-btn premium-btn-md\">\r\n\t\t\t\t\t\t\t\t\t\t\t\t<span>ver CV completo<\/span>\r\n\t\t\t\t\t\t\t\t\t\t\t<\/button>\r\n\t\t\t\t\t\t\t<\/div>\r\n\r\n\t\t\t<div id=\"premium-modal-b1f5dea\" class=\"premium-modal-box-modal\" role=\"dialog\" style=\"display: none\">\r\n\t\t\t\t<div class=\"premium-modal-box-modal-dialog\" data-delay-animation=\"\" data-modal-animation=\"fadeInDown animated-fast\">\r\n\t\t\t\t\t\t\t\t\t\t\t<div class=\"premium-modal-box-modal-header\">\r\n\t\t\t\t\t\t\t\t\t\t\t\t\t\t\t<h3 class=\"premium-modal-box-modal-title\">\r\n\t\t\t\t\t\t\t\t\tLUIS CORVALA\u0301N CORREA\u200b\t\t\t\t\t\t\t\t<\/h3>\r\n\t\t\t\t\t\t\t\t\t\t\t\t\t\t\t\t\t\t\t\t\t\t<div class=\"premium-modal-box-close-button-container\">\r\n\t\t\t\t\t\t\t\t\t<button type=\"button\" class=\"premium-modal-box-modal-close\" data-dismiss=\"premium-modal\">&times;<\/button>\r\n\t\t\t\t\t\t\t\t<\/div>\r\n\t\t\t\t\t\t\t\t\t\t\t\t\t<\/div>\r\n\t\t\t\t\t\t\t\t\t\t<div class=\"premium-modal-box-modal-body\">\r\n\t\t\t\t\t\t<p style=\"text-align: justify;\">Egresado de Ingeniero Meca\u0301nico de la Universidad de Santiago de Chile. Licenciado en Ciencias Humanas y Sociales, mencio\u0301n en Antropologi\u0301a, en la Universidad de Lummier Lyon 2 Francia. Coach Profesional especialidad en educacio\u0301n y liderazgo en LATAM Coaching Network. Ma\u0301ster y Diplomado en Educacio\u0301n Emocional y Neurociencias Aplicadas, en Fundacio\u0301n FLICH. Ma\u0301ster en Artes, con finalidad en Investigacio\u0301n, mencio\u0301n Musicalidad, Especialidad Danza, en la Universidad de Paris VIII, Saint Denis.<\/p><p style=\"text-align: justify;\">Se desempen\u0303a como acad\u00e9mico de la Facultad de Artes de la Universidad de Chile, con amplia experiencia como artista coreogra\u0301fico, creador e investigador en danza contempora\u0301nea. Dentro de sus experiencias cabe destacar el trabajo realizado en Francia y en Chile con amateurs, nin\u0303os y personas con discapacidad psicomotriz e intelectual (autistas),realiza investigaci\u00f3n en pr\u00e1cticas de culturas ancestrales latinoamericanas vinculadas a la identidad y el bienestar.<\/p><p style=\"text-align: justify;\">Es fundador y co-director de REVUELO, en donde a trave\u0301s de su a\u0301rea denominada COMUNIDAD ACCIO\u0301N, desarrolla su trabajo con todo tipo de pu\u0301blico buscando la difusio\u0301n del conocimiento y sensibilidades que se despliegan desde el cuerpo. Desarrolla programas para organizaciones e instituciones para el acompa\u00f1amiento de equipos y de personas desde la integraci\u00f3n de todos sus conocimientos.<\/p>\t\t\t\t\t<\/div>\r\n\t\t\t\t\t\t\t\t\t<\/div>\r\n\t\t\t<\/div>\r\n\t\t<\/div>\r\n\r\n\t\t\t\t<\/div>\n\t\t\t\t<\/div>\n\t\t\t\t\t<\/div>\n\t\t<\/div>\n\t\t\t\t\t\t\t<\/div>\n\t\t<\/section>\n\t\t\t\t\t<\/div>\n\t\t<\/div>\n\t\t\t\t\t\t\t<\/div>\n\t\t<\/section>\n\t\t\t\t\t\t\t<\/div>\n\t\t","protected":false},"excerpt":{"rendered":"<p>Quienes Somos MISI\u00d3N Nuestra misi\u00f3n es contribuir al desarrollo de un mayor nivel de conciencia en las personas, grupos y equipos, a trav\u00e9s de diversas instancias de encuentro humano, acompa\u00f1ando en sus procesos de transformaci\u00f3n cultural y cambio hacia el logro de un mayor bienestar y una vida m\u00e1s plena. Considerando en este proceso una &#8230; <a title=\"Quienes Somos\" class=\"read-more\" href=\"https:\/\/espaciorevuelo.cl\/web\/quienes-somos\/\" aria-label=\"More on Quienes Somos\">Read more<\/a><\/p>\n","protected":false},"author":1,"featured_media":0,"parent":0,"menu_order":0,"comment_status":"closed","ping_status":"closed","template":"elementor_header_footer","meta":{"ngg_post_thumbnail":0,"footnotes":""},"class_list":["post-22","page","type-page","status-publish"],"yoast_head":"<!-- This site is optimized with the Yoast SEO plugin v20.13 - https:\/\/yoast.com\/wordpress\/plugins\/seo\/ -->\n<title>Quienes Somos - Espacio Revuelo<\/title>\n<meta name=\"robots\" content=\"index, follow, max-snippet:-1, max-image-preview:large, max-video-preview:-1\" \/>\n<link rel=\"canonical\" href=\"https:\/\/espaciorevuelo.cl\/web\/quienes-somos\/\" \/>\n<meta property=\"og:locale\" content=\"es_ES\" \/>\n<meta property=\"og:type\" content=\"article\" \/>\n<meta property=\"og:title\" content=\"Quienes Somos - Espacio Revuelo\" \/>\n<meta property=\"og:description\" content=\"Quienes Somos MISI\u00d3N Nuestra misi\u00f3n es contribuir al desarrollo de un mayor nivel de conciencia en las personas, grupos y equipos, a trav\u00e9s de diversas instancias de encuentro humano, acompa\u00f1ando en sus procesos de transformaci\u00f3n cultural y cambio hacia el logro de un mayor bienestar y una vida m\u00e1s plena. Considerando en este proceso una ... Read more\" \/>\n<meta property=\"og:url\" content=\"https:\/\/espaciorevuelo.cl\/web\/quienes-somos\/\" \/>\n<meta property=\"og:site_name\" content=\"Espacio Revuelo\" \/>\n<meta property=\"article:publisher\" content=\"https:\/\/web.facebook.com\/espaciorevuelo\" \/>\n<meta property=\"article:modified_time\" content=\"2023-07-05T19:54:06+00:00\" \/>\n<meta property=\"og:image\" content=\"https:\/\/espaciorevuelo.cl\/web\/wp-content\/uploads\/2023\/06\/natacv-250x300.webp\" \/>\n<meta name=\"twitter:card\" content=\"summary_large_image\" \/>\n<meta name=\"twitter:label1\" content=\"Est. reading time\" \/>\n\t<meta name=\"twitter:data1\" content=\"4 minutos\" \/>\n<script type=\"application\/ld+json\" class=\"yoast-schema-graph\">{\"@context\":\"https:\/\/schema.org\",\"@graph\":[{\"@type\":\"WebPage\",\"@id\":\"https:\/\/espaciorevuelo.cl\/web\/quienes-somos\/\",\"url\":\"https:\/\/espaciorevuelo.cl\/web\/quienes-somos\/\",\"name\":\"Quienes Somos - Espacio Revuelo\",\"isPartOf\":{\"@id\":\"https:\/\/espaciorevuelo.cl\/web\/#website\"},\"datePublished\":\"2023-06-26T19:32:30+00:00\",\"dateModified\":\"2023-07-05T19:54:06+00:00\",\"breadcrumb\":{\"@id\":\"https:\/\/espaciorevuelo.cl\/web\/quienes-somos\/#breadcrumb\"},\"inLanguage\":\"es-CL\",\"potentialAction\":[{\"@type\":\"ReadAction\",\"target\":[\"https:\/\/espaciorevuelo.cl\/web\/quienes-somos\/\"]}]},{\"@type\":\"BreadcrumbList\",\"@id\":\"https:\/\/espaciorevuelo.cl\/web\/quienes-somos\/#breadcrumb\",\"itemListElement\":[{\"@type\":\"ListItem\",\"position\":1,\"name\":\"Portada\",\"item\":\"https:\/\/espaciorevuelo.cl\/web\/\"},{\"@type\":\"ListItem\",\"position\":2,\"name\":\"Quienes Somos\"}]},{\"@type\":\"WebSite\",\"@id\":\"https:\/\/espaciorevuelo.cl\/web\/#website\",\"url\":\"https:\/\/espaciorevuelo.cl\/web\/\",\"name\":\"Espacio Revuelo\",\"description\":\"\",\"publisher\":{\"@id\":\"https:\/\/espaciorevuelo.cl\/web\/#organization\"},\"potentialAction\":[{\"@type\":\"SearchAction\",\"target\":{\"@type\":\"EntryPoint\",\"urlTemplate\":\"https:\/\/espaciorevuelo.cl\/web\/?s={search_term_string}\"},\"query-input\":\"required name=search_term_string\"}],\"inLanguage\":\"es-CL\"},{\"@type\":\"Organization\",\"@id\":\"https:\/\/espaciorevuelo.cl\/web\/#organization\",\"name\":\"Espacio Revuelo\",\"url\":\"https:\/\/espaciorevuelo.cl\/web\/\",\"logo\":{\"@type\":\"ImageObject\",\"inLanguage\":\"es-CL\",\"@id\":\"https:\/\/espaciorevuelo.cl\/web\/#\/schema\/logo\/image\/\",\"url\":\"https:\/\/espaciorevuelo.cl\/web\/wp-content\/uploads\/2023\/06\/logo-cabecera3.webp\",\"contentUrl\":\"https:\/\/espaciorevuelo.cl\/web\/wp-content\/uploads\/2023\/06\/logo-cabecera3.webp\",\"width\":1080,\"height\":449,\"caption\":\"Espacio Revuelo\"},\"image\":{\"@id\":\"https:\/\/espaciorevuelo.cl\/web\/#\/schema\/logo\/image\/\"},\"sameAs\":[\"https:\/\/web.facebook.com\/espaciorevuelo\",\"https:\/\/www.instagram.com\/espaciorevuelo\/\",\"https:\/\/wa.me\/56979971742\"]}]}<\/script>\n<!-- \/ Yoast SEO plugin. -->","yoast_head_json":{"title":"Quienes Somos - Espacio Revuelo","robots":{"index":"index","follow":"follow","max-snippet":"max-snippet:-1","max-image-preview":"max-image-preview:large","max-video-preview":"max-video-preview:-1"},"canonical":"https:\/\/espaciorevuelo.cl\/web\/quienes-somos\/","og_locale":"es_ES","og_type":"article","og_title":"Quienes Somos - Espacio Revuelo","og_description":"Quienes Somos MISI\u00d3N Nuestra misi\u00f3n es contribuir al desarrollo de un mayor nivel de conciencia en las personas, grupos y equipos, a trav\u00e9s de diversas instancias de encuentro humano, acompa\u00f1ando en sus procesos de transformaci\u00f3n cultural y cambio hacia el logro de un mayor bienestar y una vida m\u00e1s plena. Considerando en este proceso una ... Read more","og_url":"https:\/\/espaciorevuelo.cl\/web\/quienes-somos\/","og_site_name":"Espacio Revuelo","article_publisher":"https:\/\/web.facebook.com\/espaciorevuelo","article_modified_time":"2023-07-05T19:54:06+00:00","og_image":[{"url":"https:\/\/espaciorevuelo.cl\/web\/wp-content\/uploads\/2023\/06\/natacv-250x300.webp"}],"twitter_card":"summary_large_image","twitter_misc":{"Est. reading time":"4 minutos"},"schema":{"@context":"https:\/\/schema.org","@graph":[{"@type":"WebPage","@id":"https:\/\/espaciorevuelo.cl\/web\/quienes-somos\/","url":"https:\/\/espaciorevuelo.cl\/web\/quienes-somos\/","name":"Quienes Somos - Espacio Revuelo","isPartOf":{"@id":"https:\/\/espaciorevuelo.cl\/web\/#website"},"datePublished":"2023-06-26T19:32:30+00:00","dateModified":"2023-07-05T19:54:06+00:00","breadcrumb":{"@id":"https:\/\/espaciorevuelo.cl\/web\/quienes-somos\/#breadcrumb"},"inLanguage":"es-CL","potentialAction":[{"@type":"ReadAction","target":["https:\/\/espaciorevuelo.cl\/web\/quienes-somos\/"]}]},{"@type":"BreadcrumbList","@id":"https:\/\/espaciorevuelo.cl\/web\/quienes-somos\/#breadcrumb","itemListElement":[{"@type":"ListItem","position":1,"name":"Portada","item":"https:\/\/espaciorevuelo.cl\/web\/"},{"@type":"ListItem","position":2,"name":"Quienes Somos"}]},{"@type":"WebSite","@id":"https:\/\/espaciorevuelo.cl\/web\/#website","url":"https:\/\/espaciorevuelo.cl\/web\/","name":"Espacio Revuelo","description":"","publisher":{"@id":"https:\/\/espaciorevuelo.cl\/web\/#organization"},"potentialAction":[{"@type":"SearchAction","target":{"@type":"EntryPoint","urlTemplate":"https:\/\/espaciorevuelo.cl\/web\/?s={search_term_string}"},"query-input":"required name=search_term_string"}],"inLanguage":"es-CL"},{"@type":"Organization","@id":"https:\/\/espaciorevuelo.cl\/web\/#organization","name":"Espacio Revuelo","url":"https:\/\/espaciorevuelo.cl\/web\/","logo":{"@type":"ImageObject","inLanguage":"es-CL","@id":"https:\/\/espaciorevuelo.cl\/web\/#\/schema\/logo\/image\/","url":"https:\/\/espaciorevuelo.cl\/web\/wp-content\/uploads\/2023\/06\/logo-cabecera3.webp","contentUrl":"https:\/\/espaciorevuelo.cl\/web\/wp-content\/uploads\/2023\/06\/logo-cabecera3.webp","width":1080,"height":449,"caption":"Espacio Revuelo"},"image":{"@id":"https:\/\/espaciorevuelo.cl\/web\/#\/schema\/logo\/image\/"},"sameAs":["https:\/\/web.facebook.com\/espaciorevuelo","https:\/\/www.instagram.com\/espaciorevuelo\/","https:\/\/wa.me\/56979971742"]}]}},"_links":{"self":[{"href":"https:\/\/espaciorevuelo.cl\/web\/wp-json\/wp\/v2\/pages\/22","targetHints":{"allow":["GET"]}}],"collection":[{"href":"https:\/\/espaciorevuelo.cl\/web\/wp-json\/wp\/v2\/pages"}],"about":[{"href":"https:\/\/espaciorevuelo.cl\/web\/wp-json\/wp\/v2\/types\/page"}],"author":[{"embeddable":true,"href":"https:\/\/espaciorevuelo.cl\/web\/wp-json\/wp\/v2\/users\/1"}],"replies":[{"embeddable":true,"href":"https:\/\/espaciorevuelo.cl\/web\/wp-json\/wp\/v2\/comments?post=22"}],"version-history":[{"count":29,"href":"https:\/\/espaciorevuelo.cl\/web\/wp-json\/wp\/v2\/pages\/22\/revisions"}],"predecessor-version":[{"id":214,"href":"https:\/\/espaciorevuelo.cl\/web\/wp-json\/wp\/v2\/pages\/22\/revisions\/214"}],"wp:attachment":[{"href":"https:\/\/espaciorevuelo.cl\/web\/wp-json\/wp\/v2\/media?parent=22"}],"curies":[{"name":"wp","href":"https:\/\/api.w.org\/{rel}","templated":true}]}}